{"id":2112,"date":"2021-11-08T14:23:49","date_gmt":"2021-11-08T14:23:49","guid":{"rendered":"https:\/\/elys.eu\/accueil\/"},"modified":"2025-09-01T12:58:09","modified_gmt":"2025-09-01T12:58:09","slug":"accueil","status":"publish","type":"page","link":"https:\/\/elys.eu\/en\/","title":{"rendered":"Home"},"content":{"rendered":"","protected":false},"excerpt":{"rendered":"","protected":false},"author":2,"featured_media":992,"parent":0,"menu_order":0,"comment_status":"closed","ping_status":"closed","template":"templates\/home.php","meta":{"_acf_changed":false,"footnotes":""},"class_list":["post-2112","page","type-page","status-publish","has-post-thumbnail","hentry"],"acf":[],"yoast_head":"<!-- This site is optimized with the Yoast SEO plugin v27.4 - https:\/\/yoast.com\/product\/yoast-seo-wordpress\/ -->\n<title>Elys \u2013 Sp\u00e9cialiste des projets d\u2019\u00e9nergies renouvelables<\/title>\n<meta name=\"description\" content=\"Sous forme d\u2019Assistance \u00e0 Ma\u00eetrise d\u2019Ouvrage ou de Ma\u00eetrise d\u2019\u0152uvre, coupl\u00e9 \u00e0 une Ing\u00e9nierie g\u00e9nie civil et \u00e9lectrique haute tension pour postes HTB.\" \/>\n<meta name=\"robots\" content=\"index, follow, max-snippet:-1, max-image-preview:large, max-video-preview:-1\" \/>\n<link rel=\"canonical\" href=\"https:\/\/elys.eu\/en\/\" \/>\n<meta property=\"og:locale\" content=\"en_US\" \/>\n<meta property=\"og:type\" content=\"article\" \/>\n<meta property=\"og:title\" content=\"Elys \u2013 Sp\u00e9cialiste des projets d\u2019\u00e9nergies renouvelables\" \/>\n<meta property=\"og:description\" content=\"Sous forme d\u2019Assistance \u00e0 Ma\u00eetrise d\u2019Ouvrage ou de Ma\u00eetrise d\u2019\u0152uvre, coupl\u00e9 \u00e0 une Ing\u00e9nierie g\u00e9nie civil et \u00e9lectrique haute tension pour postes HTB.\" \/>\n<meta property=\"og:url\" content=\"https:\/\/elys.eu\/en\/\" \/>\n<meta property=\"og:site_name\" content=\"Elys\" \/>\n<meta property=\"article:modified_time\" content=\"2025-09-01T12:58:09+00:00\" \/>\n<meta property=\"og:image\" content=\"https:\/\/elys.eu\/wp-content\/uploads\/2021\/11\/Elys.jpg\" \/>\n\t<meta property=\"og:image:width\" content=\"2550\" \/>\n\t<meta property=\"og:image:height\" content=\"1913\" \/>\n\t<meta property=\"og:image:type\" content=\"image\/jpeg\" \/>\n<meta name=\"twitter:card\" content=\"summary_large_image\" \/>\n<script type=\"application\/ld+json\" class=\"yoast-schema-graph\">{\"@context\":\"https:\\\/\\\/schema.org\",\"@graph\":[{\"@type\":\"WebPage\",\"@id\":\"https:\\\/\\\/elys.eu\\\/en\\\/\",\"url\":\"https:\\\/\\\/elys.eu\\\/en\\\/\",\"name\":\"Elys \u2013 Sp\u00e9cialiste des projets d\u2019\u00e9nergies renouvelables\",\"isPartOf\":{\"@id\":\"https:\\\/\\\/elys.eu\\\/#website\"},\"primaryImageOfPage\":{\"@id\":\"https:\\\/\\\/elys.eu\\\/en\\\/#primaryimage\"},\"image\":{\"@id\":\"https:\\\/\\\/elys.eu\\\/en\\\/#primaryimage\"},\"thumbnailUrl\":\"https:\\\/\\\/elys.eu\\\/wp-content\\\/uploads\\\/2021\\\/11\\\/Elys.jpg\",\"datePublished\":\"2021-11-08T14:23:49+00:00\",\"dateModified\":\"2025-09-01T12:58:09+00:00\",\"description\":\"Sous forme d\u2019Assistance \u00e0 Ma\u00eetrise d\u2019Ouvrage ou de Ma\u00eetrise d\u2019\u0152uvre, coupl\u00e9 \u00e0 une Ing\u00e9nierie g\u00e9nie civil et \u00e9lectrique haute tension pour postes HTB.\",\"breadcrumb\":{\"@id\":\"https:\\\/\\\/elys.eu\\\/en\\\/#breadcrumb\"},\"inLanguage\":\"en-US\",\"potentialAction\":[{\"@type\":\"ReadAction\",\"target\":[\"https:\\\/\\\/elys.eu\\\/en\\\/\"]}]},{\"@type\":\"ImageObject\",\"inLanguage\":\"en-US\",\"@id\":\"https:\\\/\\\/elys.eu\\\/en\\\/#primaryimage\",\"url\":\"https:\\\/\\\/elys.eu\\\/wp-content\\\/uploads\\\/2021\\\/11\\\/Elys.jpg\",\"contentUrl\":\"https:\\\/\\\/elys.eu\\\/wp-content\\\/uploads\\\/2021\\\/11\\\/Elys.jpg\",\"width\":2550,\"height\":1913},{\"@type\":\"BreadcrumbList\",\"@id\":\"https:\\\/\\\/elys.eu\\\/en\\\/#breadcrumb\",\"itemListElement\":[{\"@type\":\"ListItem\",\"position\":1,\"name\":\"Accueil\",\"item\":\"https:\\\/\\\/elys.eu\\\/en\\\/\"},{\"@type\":\"ListItem\",\"position\":2,\"name\":\"Home\"}]},{\"@type\":\"WebSite\",\"@id\":\"https:\\\/\\\/elys.eu\\\/#website\",\"url\":\"https:\\\/\\\/elys.eu\\\/\",\"name\":\"Elys\",\"description\":\"Sp\u00e9cialiste des projets d&#039;\u00e9nergies renouvelables\",\"publisher\":{\"@id\":\"https:\\\/\\\/elys.eu\\\/#organization\"},\"potentialAction\":[{\"@type\":\"SearchAction\",\"target\":{\"@type\":\"EntryPoint\",\"urlTemplate\":\"https:\\\/\\\/elys.eu\\\/?s={search_term_string}\"},\"query-input\":{\"@type\":\"PropertyValueSpecification\",\"valueRequired\":true,\"valueName\":\"search_term_string\"}}],\"inLanguage\":\"en-US\"},{\"@type\":\"Organization\",\"@id\":\"https:\\\/\\\/elys.eu\\\/#organization\",\"name\":\"Elys\",\"url\":\"https:\\\/\\\/elys.eu\\\/\",\"logo\":{\"@type\":\"ImageObject\",\"inLanguage\":\"en-US\",\"@id\":\"https:\\\/\\\/elys.eu\\\/#\\\/schema\\\/logo\\\/image\\\/\",\"url\":\"https:\\\/\\\/elys.eu\\\/wp-content\\\/uploads\\\/2021\\\/11\\\/Logo-Elys.jpg\",\"contentUrl\":\"https:\\\/\\\/elys.eu\\\/wp-content\\\/uploads\\\/2021\\\/11\\\/Logo-Elys.jpg\",\"width\":381,\"height\":270,\"caption\":\"Elys\"},\"image\":{\"@id\":\"https:\\\/\\\/elys.eu\\\/#\\\/schema\\\/logo\\\/image\\\/\"},\"sameAs\":[\"https:\\\/\\\/www.linkedin.com\\\/company\\\/elys\\\/\"]}]}<\/script>\n<!-- \/ Yoast SEO plugin. -->","yoast_head_json":{"title":"Elys \u2013 Sp\u00e9cialiste des projets d\u2019\u00e9nergies renouvelables","description":"Sous forme d\u2019Assistance \u00e0 Ma\u00eetrise d\u2019Ouvrage ou de Ma\u00eetrise d\u2019\u0152uvre, coupl\u00e9 \u00e0 une Ing\u00e9nierie g\u00e9nie civil et \u00e9lectrique haute tension pour postes HTB.","robots":{"index":"index","follow":"follow","max-snippet":"max-snippet:-1","max-image-preview":"max-image-preview:large","max-video-preview":"max-video-preview:-1"},"canonical":"https:\/\/elys.eu\/en\/","og_locale":"en_US","og_type":"article","og_title":"Elys \u2013 Sp\u00e9cialiste des projets d\u2019\u00e9nergies renouvelables","og_description":"Sous forme d\u2019Assistance \u00e0 Ma\u00eetrise d\u2019Ouvrage ou de Ma\u00eetrise d\u2019\u0152uvre, coupl\u00e9 \u00e0 une Ing\u00e9nierie g\u00e9nie civil et \u00e9lectrique haute tension pour postes HTB.","og_url":"https:\/\/elys.eu\/en\/","og_site_name":"Elys","article_modified_time":"2025-09-01T12:58:09+00:00","og_image":[{"width":2550,"height":1913,"url":"https:\/\/elys.eu\/wp-content\/uploads\/2021\/11\/Elys.jpg","type":"image\/jpeg"}],"twitter_card":"summary_large_image","schema":{"@context":"https:\/\/schema.org","@graph":[{"@type":"WebPage","@id":"https:\/\/elys.eu\/en\/","url":"https:\/\/elys.eu\/en\/","name":"Elys \u2013 Sp\u00e9cialiste des projets d\u2019\u00e9nergies renouvelables","isPartOf":{"@id":"https:\/\/elys.eu\/#website"},"primaryImageOfPage":{"@id":"https:\/\/elys.eu\/en\/#primaryimage"},"image":{"@id":"https:\/\/elys.eu\/en\/#primaryimage"},"thumbnailUrl":"https:\/\/elys.eu\/wp-content\/uploads\/2021\/11\/Elys.jpg","datePublished":"2021-11-08T14:23:49+00:00","dateModified":"2025-09-01T12:58:09+00:00","description":"Sous forme d\u2019Assistance \u00e0 Ma\u00eetrise d\u2019Ouvrage ou de Ma\u00eetrise d\u2019\u0152uvre, coupl\u00e9 \u00e0 une Ing\u00e9nierie g\u00e9nie civil et \u00e9lectrique haute tension pour postes HTB.","breadcrumb":{"@id":"https:\/\/elys.eu\/en\/#breadcrumb"},"inLanguage":"en-US","potentialAction":[{"@type":"ReadAction","target":["https:\/\/elys.eu\/en\/"]}]},{"@type":"ImageObject","inLanguage":"en-US","@id":"https:\/\/elys.eu\/en\/#primaryimage","url":"https:\/\/elys.eu\/wp-content\/uploads\/2021\/11\/Elys.jpg","contentUrl":"https:\/\/elys.eu\/wp-content\/uploads\/2021\/11\/Elys.jpg","width":2550,"height":1913},{"@type":"BreadcrumbList","@id":"https:\/\/elys.eu\/en\/#breadcrumb","itemListElement":[{"@type":"ListItem","position":1,"name":"Accueil","item":"https:\/\/elys.eu\/en\/"},{"@type":"ListItem","position":2,"name":"Home"}]},{"@type":"WebSite","@id":"https:\/\/elys.eu\/#website","url":"https:\/\/elys.eu\/","name":"Elys","description":"Sp\u00e9cialiste des projets d&#039;\u00e9nergies renouvelables","publisher":{"@id":"https:\/\/elys.eu\/#organization"},"potentialAction":[{"@type":"SearchAction","target":{"@type":"EntryPoint","urlTemplate":"https:\/\/elys.eu\/?s={search_term_string}"},"query-input":{"@type":"PropertyValueSpecification","valueRequired":true,"valueName":"search_term_string"}}],"inLanguage":"en-US"},{"@type":"Organization","@id":"https:\/\/elys.eu\/#organization","name":"Elys","url":"https:\/\/elys.eu\/","logo":{"@type":"ImageObject","inLanguage":"en-US","@id":"https:\/\/elys.eu\/#\/schema\/logo\/image\/","url":"https:\/\/elys.eu\/wp-content\/uploads\/2021\/11\/Logo-Elys.jpg","contentUrl":"https:\/\/elys.eu\/wp-content\/uploads\/2021\/11\/Logo-Elys.jpg","width":381,"height":270,"caption":"Elys"},"image":{"@id":"https:\/\/elys.eu\/#\/schema\/logo\/image\/"},"sameAs":["https:\/\/www.linkedin.com\/company\/elys\/"]}]}},"_links":{"self":[{"href":"https:\/\/elys.eu\/en\/wp-json\/wp\/v2\/pages\/2112","targetHints":{"allow":["GET"]}}],"collection":[{"href":"https:\/\/elys.eu\/en\/wp-json\/wp\/v2\/pages"}],"about":[{"href":"https:\/\/elys.eu\/en\/wp-json\/wp\/v2\/types\/page"}],"author":[{"embeddable":true,"href":"https:\/\/elys.eu\/en\/wp-json\/wp\/v2\/users\/2"}],"replies":[{"embeddable":true,"href":"https:\/\/elys.eu\/en\/wp-json\/wp\/v2\/comments?post=2112"}],"version-history":[{"count":16,"href":"https:\/\/elys.eu\/en\/wp-json\/wp\/v2\/pages\/2112\/revisions"}],"predecessor-version":[{"id":5023,"href":"https:\/\/elys.eu\/en\/wp-json\/wp\/v2\/pages\/2112\/revisions\/5023"}],"wp:featuredmedia":[{"embeddable":true,"href":"https:\/\/elys.eu\/en\/wp-json\/wp\/v2\/media\/992"}],"wp:attachment":[{"href":"https:\/\/elys.eu\/en\/wp-json\/wp\/v2\/media?parent=2112"}],"curies":[{"name":"wp","href":"https:\/\/api.w.org\/{rel}","templated":true}]}}