{"id":2113,"date":"2021-11-08T14:23:49","date_gmt":"2021-11-08T14:23:49","guid":{"rendered":"https:\/\/elys.eu\/accueil\/"},"modified":"2025-09-01T13:00:23","modified_gmt":"2025-09-01T13:00:23","slug":"accueil","status":"publish","type":"page","link":"https:\/\/elys.eu\/es\/","title":{"rendered":"Inicio"},"content":{"rendered":"","protected":false},"excerpt":{"rendered":"","protected":false},"author":2,"featured_media":993,"parent":0,"menu_order":0,"comment_status":"closed","ping_status":"closed","template":"templates\/home.php","meta":{"_acf_changed":false,"footnotes":""},"class_list":["post-2113","page","type-page","status-publish","has-post-thumbnail","hentry"],"acf":[],"yoast_head":"<!-- This site is optimized with the Yoast SEO plugin v27.3 - https:\/\/yoast.com\/product\/yoast-seo-wordpress\/ -->\n<title>Elys \u2013 Especialista en proyectos de energ\u00eda renovable<\/title>\n<meta name=\"description\" content=\"En la modalidad de Project Management Assistance o Project Management, aunado a ingenier\u00eda civil y el\u00e9ctrica de alta tensi\u00f3n para subestaciones HTB.\" \/>\n<meta name=\"robots\" content=\"index, follow, max-snippet:-1, max-image-preview:large, max-video-preview:-1\" \/>\n<link rel=\"canonical\" href=\"https:\/\/elys.eu\/es\/\" \/>\n<meta property=\"og:locale\" content=\"es_ES\" \/>\n<meta property=\"og:type\" content=\"article\" \/>\n<meta property=\"og:title\" content=\"Elys \u2013 Especialista en proyectos de energ\u00eda renovable\" \/>\n<meta property=\"og:description\" content=\"En la modalidad de Project Management Assistance o Project Management, aunado a ingenier\u00eda civil y el\u00e9ctrica de alta tensi\u00f3n para subestaciones HTB.\" \/>\n<meta property=\"og:url\" content=\"https:\/\/elys.eu\/es\/\" \/>\n<meta property=\"og:site_name\" content=\"Elys\" \/>\n<meta property=\"article:modified_time\" content=\"2025-09-01T13:00:23+00:00\" \/>\n<meta property=\"og:image\" content=\"https:\/\/elys.eu\/wp-content\/uploads\/2021\/11\/Elys.jpg\" \/>\n\t<meta property=\"og:image:width\" content=\"2550\" \/>\n\t<meta property=\"og:image:height\" content=\"1913\" \/>\n\t<meta property=\"og:image:type\" content=\"image\/jpeg\" \/>\n<meta name=\"twitter:card\" content=\"summary_large_image\" \/>\n<script type=\"application\/ld+json\" class=\"yoast-schema-graph\">{\"@context\":\"https:\\\/\\\/schema.org\",\"@graph\":[{\"@type\":\"WebPage\",\"@id\":\"https:\\\/\\\/elys.eu\\\/es\\\/\",\"url\":\"https:\\\/\\\/elys.eu\\\/es\\\/\",\"name\":\"Elys \u2013 Especialista en proyectos de energ\u00eda renovable\",\"isPartOf\":{\"@id\":\"https:\\\/\\\/elys.eu\\\/#website\"},\"primaryImageOfPage\":{\"@id\":\"https:\\\/\\\/elys.eu\\\/es\\\/#primaryimage\"},\"image\":{\"@id\":\"https:\\\/\\\/elys.eu\\\/es\\\/#primaryimage\"},\"thumbnailUrl\":\"https:\\\/\\\/elys.eu\\\/wp-content\\\/uploads\\\/2021\\\/11\\\/Elys.jpg\",\"datePublished\":\"2021-11-08T14:23:49+00:00\",\"dateModified\":\"2025-09-01T13:00:23+00:00\",\"description\":\"En la modalidad de Project Management Assistance o Project Management, aunado a ingenier\u00eda civil y el\u00e9ctrica de alta tensi\u00f3n para subestaciones HTB.\",\"breadcrumb\":{\"@id\":\"https:\\\/\\\/elys.eu\\\/es\\\/#breadcrumb\"},\"inLanguage\":\"es\",\"potentialAction\":[{\"@type\":\"ReadAction\",\"target\":[\"https:\\\/\\\/elys.eu\\\/es\\\/\"]}]},{\"@type\":\"ImageObject\",\"inLanguage\":\"es\",\"@id\":\"https:\\\/\\\/elys.eu\\\/es\\\/#primaryimage\",\"url\":\"https:\\\/\\\/elys.eu\\\/wp-content\\\/uploads\\\/2021\\\/11\\\/Elys.jpg\",\"contentUrl\":\"https:\\\/\\\/elys.eu\\\/wp-content\\\/uploads\\\/2021\\\/11\\\/Elys.jpg\",\"width\":2550,\"height\":1913},{\"@type\":\"BreadcrumbList\",\"@id\":\"https:\\\/\\\/elys.eu\\\/es\\\/#breadcrumb\",\"itemListElement\":[{\"@type\":\"ListItem\",\"position\":1,\"name\":\"Accueil\",\"item\":\"https:\\\/\\\/elys.eu\\\/es\\\/\"},{\"@type\":\"ListItem\",\"position\":2,\"name\":\"Inicio\"}]},{\"@type\":\"WebSite\",\"@id\":\"https:\\\/\\\/elys.eu\\\/#website\",\"url\":\"https:\\\/\\\/elys.eu\\\/\",\"name\":\"Elys\",\"description\":\"Sp\u00e9cialiste des projets d&#039;\u00e9nergies renouvelables\",\"publisher\":{\"@id\":\"https:\\\/\\\/elys.eu\\\/#organization\"},\"potentialAction\":[{\"@type\":\"SearchAction\",\"target\":{\"@type\":\"EntryPoint\",\"urlTemplate\":\"https:\\\/\\\/elys.eu\\\/?s={search_term_string}\"},\"query-input\":{\"@type\":\"PropertyValueSpecification\",\"valueRequired\":true,\"valueName\":\"search_term_string\"}}],\"inLanguage\":\"es\"},{\"@type\":\"Organization\",\"@id\":\"https:\\\/\\\/elys.eu\\\/#organization\",\"name\":\"Elys\",\"url\":\"https:\\\/\\\/elys.eu\\\/\",\"logo\":{\"@type\":\"ImageObject\",\"inLanguage\":\"es\",\"@id\":\"https:\\\/\\\/elys.eu\\\/#\\\/schema\\\/logo\\\/image\\\/\",\"url\":\"https:\\\/\\\/elys.eu\\\/wp-content\\\/uploads\\\/2021\\\/11\\\/Logo-Elys.jpg\",\"contentUrl\":\"https:\\\/\\\/elys.eu\\\/wp-content\\\/uploads\\\/2021\\\/11\\\/Logo-Elys.jpg\",\"width\":381,\"height\":270,\"caption\":\"Elys\"},\"image\":{\"@id\":\"https:\\\/\\\/elys.eu\\\/#\\\/schema\\\/logo\\\/image\\\/\"},\"sameAs\":[\"https:\\\/\\\/www.linkedin.com\\\/company\\\/elys\\\/\"]}]}<\/script>\n<!-- \/ Yoast SEO plugin. -->","yoast_head_json":{"title":"Elys \u2013 Especialista en proyectos de energ\u00eda renovable","description":"En la modalidad de Project Management Assistance o Project Management, aunado a ingenier\u00eda civil y el\u00e9ctrica de alta tensi\u00f3n para subestaciones HTB.","robots":{"index":"index","follow":"follow","max-snippet":"max-snippet:-1","max-image-preview":"max-image-preview:large","max-video-preview":"max-video-preview:-1"},"canonical":"https:\/\/elys.eu\/es\/","og_locale":"es_ES","og_type":"article","og_title":"Elys \u2013 Especialista en proyectos de energ\u00eda renovable","og_description":"En la modalidad de Project Management Assistance o Project Management, aunado a ingenier\u00eda civil y el\u00e9ctrica de alta tensi\u00f3n para subestaciones HTB.","og_url":"https:\/\/elys.eu\/es\/","og_site_name":"Elys","article_modified_time":"2025-09-01T13:00:23+00:00","og_image":[{"width":2550,"height":1913,"url":"https:\/\/elys.eu\/wp-content\/uploads\/2021\/11\/Elys.jpg","type":"image\/jpeg"}],"twitter_card":"summary_large_image","schema":{"@context":"https:\/\/schema.org","@graph":[{"@type":"WebPage","@id":"https:\/\/elys.eu\/es\/","url":"https:\/\/elys.eu\/es\/","name":"Elys \u2013 Especialista en proyectos de energ\u00eda renovable","isPartOf":{"@id":"https:\/\/elys.eu\/#website"},"primaryImageOfPage":{"@id":"https:\/\/elys.eu\/es\/#primaryimage"},"image":{"@id":"https:\/\/elys.eu\/es\/#primaryimage"},"thumbnailUrl":"https:\/\/elys.eu\/wp-content\/uploads\/2021\/11\/Elys.jpg","datePublished":"2021-11-08T14:23:49+00:00","dateModified":"2025-09-01T13:00:23+00:00","description":"En la modalidad de Project Management Assistance o Project Management, aunado a ingenier\u00eda civil y el\u00e9ctrica de alta tensi\u00f3n para subestaciones HTB.","breadcrumb":{"@id":"https:\/\/elys.eu\/es\/#breadcrumb"},"inLanguage":"es","potentialAction":[{"@type":"ReadAction","target":["https:\/\/elys.eu\/es\/"]}]},{"@type":"ImageObject","inLanguage":"es","@id":"https:\/\/elys.eu\/es\/#primaryimage","url":"https:\/\/elys.eu\/wp-content\/uploads\/2021\/11\/Elys.jpg","contentUrl":"https:\/\/elys.eu\/wp-content\/uploads\/2021\/11\/Elys.jpg","width":2550,"height":1913},{"@type":"BreadcrumbList","@id":"https:\/\/elys.eu\/es\/#breadcrumb","itemListElement":[{"@type":"ListItem","position":1,"name":"Accueil","item":"https:\/\/elys.eu\/es\/"},{"@type":"ListItem","position":2,"name":"Inicio"}]},{"@type":"WebSite","@id":"https:\/\/elys.eu\/#website","url":"https:\/\/elys.eu\/","name":"Elys","description":"Sp\u00e9cialiste des projets d&#039;\u00e9nergies renouvelables","publisher":{"@id":"https:\/\/elys.eu\/#organization"},"potentialAction":[{"@type":"SearchAction","target":{"@type":"EntryPoint","urlTemplate":"https:\/\/elys.eu\/?s={search_term_string}"},"query-input":{"@type":"PropertyValueSpecification","valueRequired":true,"valueName":"search_term_string"}}],"inLanguage":"es"},{"@type":"Organization","@id":"https:\/\/elys.eu\/#organization","name":"Elys","url":"https:\/\/elys.eu\/","logo":{"@type":"ImageObject","inLanguage":"es","@id":"https:\/\/elys.eu\/#\/schema\/logo\/image\/","url":"https:\/\/elys.eu\/wp-content\/uploads\/2021\/11\/Logo-Elys.jpg","contentUrl":"https:\/\/elys.eu\/wp-content\/uploads\/2021\/11\/Logo-Elys.jpg","width":381,"height":270,"caption":"Elys"},"image":{"@id":"https:\/\/elys.eu\/#\/schema\/logo\/image\/"},"sameAs":["https:\/\/www.linkedin.com\/company\/elys\/"]}]}},"_links":{"self":[{"href":"https:\/\/elys.eu\/es\/wp-json\/wp\/v2\/pages\/2113","targetHints":{"allow":["GET"]}}],"collection":[{"href":"https:\/\/elys.eu\/es\/wp-json\/wp\/v2\/pages"}],"about":[{"href":"https:\/\/elys.eu\/es\/wp-json\/wp\/v2\/types\/page"}],"author":[{"embeddable":true,"href":"https:\/\/elys.eu\/es\/wp-json\/wp\/v2\/users\/2"}],"replies":[{"embeddable":true,"href":"https:\/\/elys.eu\/es\/wp-json\/wp\/v2\/comments?post=2113"}],"version-history":[{"count":13,"href":"https:\/\/elys.eu\/es\/wp-json\/wp\/v2\/pages\/2113\/revisions"}],"predecessor-version":[{"id":5024,"href":"https:\/\/elys.eu\/es\/wp-json\/wp\/v2\/pages\/2113\/revisions\/5024"}],"wp:featuredmedia":[{"embeddable":true,"href":"https:\/\/elys.eu\/es\/wp-json\/wp\/v2\/media\/993"}],"wp:attachment":[{"href":"https:\/\/elys.eu\/es\/wp-json\/wp\/v2\/media?parent=2113"}],"curies":[{"name":"wp","href":"https:\/\/api.w.org\/{rel}","templated":true}]}}