{"id":3906,"date":"2021-11-08T14:24:40","date_gmt":"2021-11-08T14:24:40","guid":{"rendered":"https:\/\/elys.eu\/qui-sommes-nous\/equipe-elys\/"},"modified":"2025-05-12T15:53:12","modified_gmt":"2025-05-12T15:53:12","slug":"equipo-elys","status":"publish","type":"page","link":"https:\/\/elys.eu\/es\/quienes-somos\/equipo-elys\/","title":{"rendered":"Equipo"},"content":{"rendered":"","protected":false},"excerpt":{"rendered":"","protected":false},"author":2,"featured_media":4986,"parent":3900,"menu_order":1,"comment_status":"closed","ping_status":"closed","template":"templates\/team.php","meta":{"_acf_changed":false,"footnotes":""},"class_list":["post-3906","page","type-page","status-publish","has-post-thumbnail","hentry"],"acf":[],"yoast_head":"<!-- This site is optimized with the Yoast SEO plugin v27.3 - https:\/\/yoast.com\/product\/yoast-seo-wordpress\/ -->\n<title>Equipo \u2013 Elys \u2013 Mujeres y hombres competentes y al servicio de las energ\u00edas renovable<\/title>\n<meta name=\"description\" content=\"Elys est\u00e1 compuesta por jefes de proyecto, ingenieros civiles e ingenier\u00eda el\u00e9ctrica. Un equipo motivado a su servicio.\" \/>\n<meta name=\"robots\" content=\"index, follow, max-snippet:-1, max-image-preview:large, max-video-preview:-1\" \/>\n<link rel=\"canonical\" href=\"https:\/\/elys.eu\/es\/quienes-somos\/equipo-elys\/\" \/>\n<meta property=\"og:locale\" content=\"es_ES\" \/>\n<meta property=\"og:type\" content=\"article\" \/>\n<meta property=\"og:title\" content=\"Equipo \u2013 Elys \u2013 Mujeres y hombres competentes y al servicio de las energ\u00edas renovable\" \/>\n<meta property=\"og:description\" content=\"Elys est\u00e1 compuesta por jefes de proyecto, ingenieros civiles e ingenier\u00eda el\u00e9ctrica. Un equipo motivado a su servicio.\" \/>\n<meta property=\"og:url\" content=\"https:\/\/elys.eu\/es\/quienes-somos\/equipo-elys\/\" \/>\n<meta property=\"og:site_name\" content=\"Elys\" \/>\n<meta property=\"article:modified_time\" content=\"2025-05-12T15:53:12+00:00\" \/>\n<meta property=\"og:image\" content=\"https:\/\/elys.eu\/wp-content\/uploads\/2025\/03\/ELYS-photo-a-retoucher_2-1024x578.jpg\" \/>\n\t<meta property=\"og:image:width\" content=\"1024\" \/>\n\t<meta property=\"og:image:height\" content=\"578\" \/>\n\t<meta property=\"og:image:type\" content=\"image\/jpeg\" \/>\n<meta name=\"twitter:card\" content=\"summary_large_image\" \/>\n<script type=\"application\/ld+json\" class=\"yoast-schema-graph\">{\"@context\":\"https:\\\/\\\/schema.org\",\"@graph\":[{\"@type\":\"WebPage\",\"@id\":\"https:\\\/\\\/elys.eu\\\/es\\\/quienes-somos\\\/equipo-elys\\\/\",\"url\":\"https:\\\/\\\/elys.eu\\\/es\\\/quienes-somos\\\/equipo-elys\\\/\",\"name\":\"Equipo \u2013 Elys \u2013 Mujeres y hombres competentes y al servicio de las energ\u00edas renovable\",\"isPartOf\":{\"@id\":\"https:\\\/\\\/elys.eu\\\/#website\"},\"primaryImageOfPage\":{\"@id\":\"https:\\\/\\\/elys.eu\\\/es\\\/quienes-somos\\\/equipo-elys\\\/#primaryimage\"},\"image\":{\"@id\":\"https:\\\/\\\/elys.eu\\\/es\\\/quienes-somos\\\/equipo-elys\\\/#primaryimage\"},\"thumbnailUrl\":\"https:\\\/\\\/elys.eu\\\/wp-content\\\/uploads\\\/2025\\\/03\\\/ELYS-photo-a-retoucher_2.jpg\",\"datePublished\":\"2021-11-08T14:24:40+00:00\",\"dateModified\":\"2025-05-12T15:53:12+00:00\",\"description\":\"Elys est\u00e1 compuesta por jefes de proyecto, ingenieros civiles e ingenier\u00eda el\u00e9ctrica. Un equipo motivado a su servicio.\",\"breadcrumb\":{\"@id\":\"https:\\\/\\\/elys.eu\\\/es\\\/quienes-somos\\\/equipo-elys\\\/#breadcrumb\"},\"inLanguage\":\"es\",\"potentialAction\":[{\"@type\":\"ReadAction\",\"target\":[\"https:\\\/\\\/elys.eu\\\/es\\\/quienes-somos\\\/equipo-elys\\\/\"]}]},{\"@type\":\"ImageObject\",\"inLanguage\":\"es\",\"@id\":\"https:\\\/\\\/elys.eu\\\/es\\\/quienes-somos\\\/equipo-elys\\\/#primaryimage\",\"url\":\"https:\\\/\\\/elys.eu\\\/wp-content\\\/uploads\\\/2025\\\/03\\\/ELYS-photo-a-retoucher_2.jpg\",\"contentUrl\":\"https:\\\/\\\/elys.eu\\\/wp-content\\\/uploads\\\/2025\\\/03\\\/ELYS-photo-a-retoucher_2.jpg\",\"width\":2048,\"height\":1156},{\"@type\":\"BreadcrumbList\",\"@id\":\"https:\\\/\\\/elys.eu\\\/es\\\/quienes-somos\\\/equipo-elys\\\/#breadcrumb\",\"itemListElement\":[{\"@type\":\"ListItem\",\"position\":1,\"name\":\"Accueil\",\"item\":\"https:\\\/\\\/elys.eu\\\/es\\\/\"},{\"@type\":\"ListItem\",\"position\":2,\"name\":\"Qui\u00e9nes somos\",\"item\":\"https:\\\/\\\/elys.eu\\\/es\\\/quienes-somos\\\/\"},{\"@type\":\"ListItem\",\"position\":3,\"name\":\"Equipo\"}]},{\"@type\":\"WebSite\",\"@id\":\"https:\\\/\\\/elys.eu\\\/#website\",\"url\":\"https:\\\/\\\/elys.eu\\\/\",\"name\":\"Elys\",\"description\":\"Sp\u00e9cialiste des projets d&#039;\u00e9nergies renouvelables\",\"publisher\":{\"@id\":\"https:\\\/\\\/elys.eu\\\/#organization\"},\"potentialAction\":[{\"@type\":\"SearchAction\",\"target\":{\"@type\":\"EntryPoint\",\"urlTemplate\":\"https:\\\/\\\/elys.eu\\\/?s={search_term_string}\"},\"query-input\":{\"@type\":\"PropertyValueSpecification\",\"valueRequired\":true,\"valueName\":\"search_term_string\"}}],\"inLanguage\":\"es\"},{\"@type\":\"Organization\",\"@id\":\"https:\\\/\\\/elys.eu\\\/#organization\",\"name\":\"Elys\",\"url\":\"https:\\\/\\\/elys.eu\\\/\",\"logo\":{\"@type\":\"ImageObject\",\"inLanguage\":\"es\",\"@id\":\"https:\\\/\\\/elys.eu\\\/#\\\/schema\\\/logo\\\/image\\\/\",\"url\":\"https:\\\/\\\/elys.eu\\\/wp-content\\\/uploads\\\/2021\\\/11\\\/Logo-Elys.jpg\",\"contentUrl\":\"https:\\\/\\\/elys.eu\\\/wp-content\\\/uploads\\\/2021\\\/11\\\/Logo-Elys.jpg\",\"width\":381,\"height\":270,\"caption\":\"Elys\"},\"image\":{\"@id\":\"https:\\\/\\\/elys.eu\\\/#\\\/schema\\\/logo\\\/image\\\/\"},\"sameAs\":[\"https:\\\/\\\/www.linkedin.com\\\/company\\\/elys\\\/\"]}]}<\/script>\n<!-- \/ Yoast SEO plugin. -->","yoast_head_json":{"title":"Equipo \u2013 Elys \u2013 Mujeres y hombres competentes y al servicio de las energ\u00edas renovable","description":"Elys est\u00e1 compuesta por jefes de proyecto, ingenieros civiles e ingenier\u00eda el\u00e9ctrica. Un equipo motivado a su servicio.","robots":{"index":"index","follow":"follow","max-snippet":"max-snippet:-1","max-image-preview":"max-image-preview:large","max-video-preview":"max-video-preview:-1"},"canonical":"https:\/\/elys.eu\/es\/quienes-somos\/equipo-elys\/","og_locale":"es_ES","og_type":"article","og_title":"Equipo \u2013 Elys \u2013 Mujeres y hombres competentes y al servicio de las energ\u00edas renovable","og_description":"Elys est\u00e1 compuesta por jefes de proyecto, ingenieros civiles e ingenier\u00eda el\u00e9ctrica. Un equipo motivado a su servicio.","og_url":"https:\/\/elys.eu\/es\/quienes-somos\/equipo-elys\/","og_site_name":"Elys","article_modified_time":"2025-05-12T15:53:12+00:00","og_image":[{"width":1024,"height":578,"url":"https:\/\/elys.eu\/wp-content\/uploads\/2025\/03\/ELYS-photo-a-retoucher_2-1024x578.jpg","type":"image\/jpeg"}],"twitter_card":"summary_large_image","schema":{"@context":"https:\/\/schema.org","@graph":[{"@type":"WebPage","@id":"https:\/\/elys.eu\/es\/quienes-somos\/equipo-elys\/","url":"https:\/\/elys.eu\/es\/quienes-somos\/equipo-elys\/","name":"Equipo \u2013 Elys \u2013 Mujeres y hombres competentes y al servicio de las energ\u00edas renovable","isPartOf":{"@id":"https:\/\/elys.eu\/#website"},"primaryImageOfPage":{"@id":"https:\/\/elys.eu\/es\/quienes-somos\/equipo-elys\/#primaryimage"},"image":{"@id":"https:\/\/elys.eu\/es\/quienes-somos\/equipo-elys\/#primaryimage"},"thumbnailUrl":"https:\/\/elys.eu\/wp-content\/uploads\/2025\/03\/ELYS-photo-a-retoucher_2.jpg","datePublished":"2021-11-08T14:24:40+00:00","dateModified":"2025-05-12T15:53:12+00:00","description":"Elys est\u00e1 compuesta por jefes de proyecto, ingenieros civiles e ingenier\u00eda el\u00e9ctrica. Un equipo motivado a su servicio.","breadcrumb":{"@id":"https:\/\/elys.eu\/es\/quienes-somos\/equipo-elys\/#breadcrumb"},"inLanguage":"es","potentialAction":[{"@type":"ReadAction","target":["https:\/\/elys.eu\/es\/quienes-somos\/equipo-elys\/"]}]},{"@type":"ImageObject","inLanguage":"es","@id":"https:\/\/elys.eu\/es\/quienes-somos\/equipo-elys\/#primaryimage","url":"https:\/\/elys.eu\/wp-content\/uploads\/2025\/03\/ELYS-photo-a-retoucher_2.jpg","contentUrl":"https:\/\/elys.eu\/wp-content\/uploads\/2025\/03\/ELYS-photo-a-retoucher_2.jpg","width":2048,"height":1156},{"@type":"BreadcrumbList","@id":"https:\/\/elys.eu\/es\/quienes-somos\/equipo-elys\/#breadcrumb","itemListElement":[{"@type":"ListItem","position":1,"name":"Accueil","item":"https:\/\/elys.eu\/es\/"},{"@type":"ListItem","position":2,"name":"Qui\u00e9nes somos","item":"https:\/\/elys.eu\/es\/quienes-somos\/"},{"@type":"ListItem","position":3,"name":"Equipo"}]},{"@type":"WebSite","@id":"https:\/\/elys.eu\/#website","url":"https:\/\/elys.eu\/","name":"Elys","description":"Sp\u00e9cialiste des projets d&#039;\u00e9nergies renouvelables","publisher":{"@id":"https:\/\/elys.eu\/#organization"},"potentialAction":[{"@type":"SearchAction","target":{"@type":"EntryPoint","urlTemplate":"https:\/\/elys.eu\/?s={search_term_string}"},"query-input":{"@type":"PropertyValueSpecification","valueRequired":true,"valueName":"search_term_string"}}],"inLanguage":"es"},{"@type":"Organization","@id":"https:\/\/elys.eu\/#organization","name":"Elys","url":"https:\/\/elys.eu\/","logo":{"@type":"ImageObject","inLanguage":"es","@id":"https:\/\/elys.eu\/#\/schema\/logo\/image\/","url":"https:\/\/elys.eu\/wp-content\/uploads\/2021\/11\/Logo-Elys.jpg","contentUrl":"https:\/\/elys.eu\/wp-content\/uploads\/2021\/11\/Logo-Elys.jpg","width":381,"height":270,"caption":"Elys"},"image":{"@id":"https:\/\/elys.eu\/#\/schema\/logo\/image\/"},"sameAs":["https:\/\/www.linkedin.com\/company\/elys\/"]}]}},"_links":{"self":[{"href":"https:\/\/elys.eu\/es\/wp-json\/wp\/v2\/pages\/3906","targetHints":{"allow":["GET"]}}],"collection":[{"href":"https:\/\/elys.eu\/es\/wp-json\/wp\/v2\/pages"}],"about":[{"href":"https:\/\/elys.eu\/es\/wp-json\/wp\/v2\/types\/page"}],"author":[{"embeddable":true,"href":"https:\/\/elys.eu\/es\/wp-json\/wp\/v2\/users\/2"}],"replies":[{"embeddable":true,"href":"https:\/\/elys.eu\/es\/wp-json\/wp\/v2\/comments?post=3906"}],"version-history":[{"count":16,"href":"https:\/\/elys.eu\/es\/wp-json\/wp\/v2\/pages\/3906\/revisions"}],"predecessor-version":[{"id":5015,"href":"https:\/\/elys.eu\/es\/wp-json\/wp\/v2\/pages\/3906\/revisions\/5015"}],"up":[{"embeddable":true,"href":"https:\/\/elys.eu\/es\/wp-json\/wp\/v2\/pages\/3900"}],"wp:featuredmedia":[{"embeddable":true,"href":"https:\/\/elys.eu\/es\/wp-json\/wp\/v2\/media\/4986"}],"wp:attachment":[{"href":"https:\/\/elys.eu\/es\/wp-json\/wp\/v2\/media?parent=3906"}],"curies":[{"name":"wp","href":"https:\/\/api.w.org\/{rel}","templated":true}]}}