{"id":3943,"date":"2021-11-08T14:27:18","date_gmt":"2021-11-08T14:27:18","guid":{"rendered":"https:\/\/elys.eu\/nos-expertises-et-references\/ingenierie-electrique\/"},"modified":"2022-08-09T09:03:02","modified_gmt":"2022-08-09T09:03:02","slug":"ingenieria-electrica","status":"publish","type":"page","link":"https:\/\/elys.eu\/es\/nuestra-experiencia-y-referencias\/ingenieria-electrica\/","title":{"rendered":"Ingenier\u00eda el\u00e9ctrica"},"content":{"rendered":"","protected":false},"excerpt":{"rendered":"","protected":false},"author":2,"featured_media":1111,"parent":3918,"menu_order":5,"comment_status":"closed","ping_status":"closed","template":"templates\/expertise.php","meta":{"_acf_changed":false,"footnotes":""},"class_list":["post-3943","page","type-page","status-publish","has-post-thumbnail","hentry"],"acf":[],"yoast_head":"<!-- This site is optimized with the Yoast SEO plugin v27.3 - https:\/\/yoast.com\/product\/yoast-seo-wordpress\/ -->\n<title>Elys - Ingenier\u00eda el\u00e9ctrica de los renovables<\/title>\n<meta name=\"description\" content=\"Nuestra oficina de dise\u00f1o interna realiza todos los estudios necesarios para la realizaci\u00f3n de los proyectos: Flujo de potencia, Isc, selectividad, arm\u00f3nicos, puestas a tierra, etc.\" \/>\n<meta name=\"robots\" content=\"index, follow, max-snippet:-1, max-image-preview:large, max-video-preview:-1\" \/>\n<link rel=\"canonical\" href=\"https:\/\/elys.eu\/es\/nuestra-experiencia-y-referencias\/ingenieria-electrica\/\" \/>\n<meta property=\"og:locale\" content=\"es_ES\" \/>\n<meta property=\"og:type\" content=\"article\" \/>\n<meta property=\"og:title\" content=\"Elys - Ingenier\u00eda el\u00e9ctrica de los renovables\" \/>\n<meta property=\"og:description\" content=\"Nuestra oficina de dise\u00f1o interna realiza todos los estudios necesarios para la realizaci\u00f3n de los proyectos: Flujo de potencia, Isc, selectividad, arm\u00f3nicos, puestas a tierra, etc.\" \/>\n<meta property=\"og:url\" content=\"https:\/\/elys.eu\/es\/nuestra-experiencia-y-referencias\/ingenieria-electrica\/\" \/>\n<meta property=\"og:site_name\" content=\"Elys\" \/>\n<meta property=\"article:modified_time\" content=\"2022-08-09T09:03:02+00:00\" \/>\n<meta property=\"og:image\" content=\"https:\/\/elys.eu\/wp-content\/uploads\/2021\/11\/elys_expertise_ingenierie_electrique.jpg\" \/>\n\t<meta property=\"og:image:width\" content=\"1920\" \/>\n\t<meta property=\"og:image:height\" content=\"1280\" \/>\n\t<meta property=\"og:image:type\" content=\"image\/jpeg\" \/>\n<meta name=\"twitter:card\" content=\"summary_large_image\" \/>\n<script type=\"application\/ld+json\" class=\"yoast-schema-graph\">{\"@context\":\"https:\\\/\\\/schema.org\",\"@graph\":[{\"@type\":\"WebPage\",\"@id\":\"https:\\\/\\\/elys.eu\\\/es\\\/nuestra-experiencia-y-referencias\\\/ingenieria-electrica\\\/\",\"url\":\"https:\\\/\\\/elys.eu\\\/es\\\/nuestra-experiencia-y-referencias\\\/ingenieria-electrica\\\/\",\"name\":\"Elys - Ingenier\u00eda el\u00e9ctrica de los renovables\",\"isPartOf\":{\"@id\":\"https:\\\/\\\/elys.eu\\\/#website\"},\"primaryImageOfPage\":{\"@id\":\"https:\\\/\\\/elys.eu\\\/es\\\/nuestra-experiencia-y-referencias\\\/ingenieria-electrica\\\/#primaryimage\"},\"image\":{\"@id\":\"https:\\\/\\\/elys.eu\\\/es\\\/nuestra-experiencia-y-referencias\\\/ingenieria-electrica\\\/#primaryimage\"},\"thumbnailUrl\":\"https:\\\/\\\/elys.eu\\\/wp-content\\\/uploads\\\/2021\\\/11\\\/elys_expertise_ingenierie_electrique.jpg\",\"datePublished\":\"2021-11-08T14:27:18+00:00\",\"dateModified\":\"2022-08-09T09:03:02+00:00\",\"description\":\"Nuestra oficina de dise\u00f1o interna realiza todos los estudios necesarios para la realizaci\u00f3n de los proyectos: Flujo de potencia, Isc, selectividad, arm\u00f3nicos, puestas a tierra, etc.\",\"breadcrumb\":{\"@id\":\"https:\\\/\\\/elys.eu\\\/es\\\/nuestra-experiencia-y-referencias\\\/ingenieria-electrica\\\/#breadcrumb\"},\"inLanguage\":\"es\",\"potentialAction\":[{\"@type\":\"ReadAction\",\"target\":[\"https:\\\/\\\/elys.eu\\\/es\\\/nuestra-experiencia-y-referencias\\\/ingenieria-electrica\\\/\"]}]},{\"@type\":\"ImageObject\",\"inLanguage\":\"es\",\"@id\":\"https:\\\/\\\/elys.eu\\\/es\\\/nuestra-experiencia-y-referencias\\\/ingenieria-electrica\\\/#primaryimage\",\"url\":\"https:\\\/\\\/elys.eu\\\/wp-content\\\/uploads\\\/2021\\\/11\\\/elys_expertise_ingenierie_electrique.jpg\",\"contentUrl\":\"https:\\\/\\\/elys.eu\\\/wp-content\\\/uploads\\\/2021\\\/11\\\/elys_expertise_ingenierie_electrique.jpg\",\"width\":1920,\"height\":1280},{\"@type\":\"BreadcrumbList\",\"@id\":\"https:\\\/\\\/elys.eu\\\/es\\\/nuestra-experiencia-y-referencias\\\/ingenieria-electrica\\\/#breadcrumb\",\"itemListElement\":[{\"@type\":\"ListItem\",\"position\":1,\"name\":\"Accueil\",\"item\":\"https:\\\/\\\/elys.eu\\\/es\\\/\"},{\"@type\":\"ListItem\",\"position\":2,\"name\":\"Nuestra experiencia y referencias\",\"item\":\"https:\\\/\\\/elys.eu\\\/es\\\/nuestra-experiencia-y-referencias\\\/\"},{\"@type\":\"ListItem\",\"position\":3,\"name\":\"Ingenier\u00eda el\u00e9ctrica\"}]},{\"@type\":\"WebSite\",\"@id\":\"https:\\\/\\\/elys.eu\\\/#website\",\"url\":\"https:\\\/\\\/elys.eu\\\/\",\"name\":\"Elys\",\"description\":\"Sp\u00e9cialiste des projets d&#039;\u00e9nergies renouvelables\",\"publisher\":{\"@id\":\"https:\\\/\\\/elys.eu\\\/#organization\"},\"potentialAction\":[{\"@type\":\"SearchAction\",\"target\":{\"@type\":\"EntryPoint\",\"urlTemplate\":\"https:\\\/\\\/elys.eu\\\/?s={search_term_string}\"},\"query-input\":{\"@type\":\"PropertyValueSpecification\",\"valueRequired\":true,\"valueName\":\"search_term_string\"}}],\"inLanguage\":\"es\"},{\"@type\":\"Organization\",\"@id\":\"https:\\\/\\\/elys.eu\\\/#organization\",\"name\":\"Elys\",\"url\":\"https:\\\/\\\/elys.eu\\\/\",\"logo\":{\"@type\":\"ImageObject\",\"inLanguage\":\"es\",\"@id\":\"https:\\\/\\\/elys.eu\\\/#\\\/schema\\\/logo\\\/image\\\/\",\"url\":\"https:\\\/\\\/elys.eu\\\/wp-content\\\/uploads\\\/2021\\\/11\\\/Logo-Elys.jpg\",\"contentUrl\":\"https:\\\/\\\/elys.eu\\\/wp-content\\\/uploads\\\/2021\\\/11\\\/Logo-Elys.jpg\",\"width\":381,\"height\":270,\"caption\":\"Elys\"},\"image\":{\"@id\":\"https:\\\/\\\/elys.eu\\\/#\\\/schema\\\/logo\\\/image\\\/\"},\"sameAs\":[\"https:\\\/\\\/www.linkedin.com\\\/company\\\/elys\\\/\"]}]}<\/script>\n<!-- \/ Yoast SEO plugin. -->","yoast_head_json":{"title":"Elys - Ingenier\u00eda el\u00e9ctrica de los renovables","description":"Nuestra oficina de dise\u00f1o interna realiza todos los estudios necesarios para la realizaci\u00f3n de los proyectos: Flujo de potencia, Isc, selectividad, arm\u00f3nicos, puestas a tierra, etc.","robots":{"index":"index","follow":"follow","max-snippet":"max-snippet:-1","max-image-preview":"max-image-preview:large","max-video-preview":"max-video-preview:-1"},"canonical":"https:\/\/elys.eu\/es\/nuestra-experiencia-y-referencias\/ingenieria-electrica\/","og_locale":"es_ES","og_type":"article","og_title":"Elys - Ingenier\u00eda el\u00e9ctrica de los renovables","og_description":"Nuestra oficina de dise\u00f1o interna realiza todos los estudios necesarios para la realizaci\u00f3n de los proyectos: Flujo de potencia, Isc, selectividad, arm\u00f3nicos, puestas a tierra, etc.","og_url":"https:\/\/elys.eu\/es\/nuestra-experiencia-y-referencias\/ingenieria-electrica\/","og_site_name":"Elys","article_modified_time":"2022-08-09T09:03:02+00:00","og_image":[{"width":1920,"height":1280,"url":"https:\/\/elys.eu\/wp-content\/uploads\/2021\/11\/elys_expertise_ingenierie_electrique.jpg","type":"image\/jpeg"}],"twitter_card":"summary_large_image","schema":{"@context":"https:\/\/schema.org","@graph":[{"@type":"WebPage","@id":"https:\/\/elys.eu\/es\/nuestra-experiencia-y-referencias\/ingenieria-electrica\/","url":"https:\/\/elys.eu\/es\/nuestra-experiencia-y-referencias\/ingenieria-electrica\/","name":"Elys - Ingenier\u00eda el\u00e9ctrica de los renovables","isPartOf":{"@id":"https:\/\/elys.eu\/#website"},"primaryImageOfPage":{"@id":"https:\/\/elys.eu\/es\/nuestra-experiencia-y-referencias\/ingenieria-electrica\/#primaryimage"},"image":{"@id":"https:\/\/elys.eu\/es\/nuestra-experiencia-y-referencias\/ingenieria-electrica\/#primaryimage"},"thumbnailUrl":"https:\/\/elys.eu\/wp-content\/uploads\/2021\/11\/elys_expertise_ingenierie_electrique.jpg","datePublished":"2021-11-08T14:27:18+00:00","dateModified":"2022-08-09T09:03:02+00:00","description":"Nuestra oficina de dise\u00f1o interna realiza todos los estudios necesarios para la realizaci\u00f3n de los proyectos: Flujo de potencia, Isc, selectividad, arm\u00f3nicos, puestas a tierra, etc.","breadcrumb":{"@id":"https:\/\/elys.eu\/es\/nuestra-experiencia-y-referencias\/ingenieria-electrica\/#breadcrumb"},"inLanguage":"es","potentialAction":[{"@type":"ReadAction","target":["https:\/\/elys.eu\/es\/nuestra-experiencia-y-referencias\/ingenieria-electrica\/"]}]},{"@type":"ImageObject","inLanguage":"es","@id":"https:\/\/elys.eu\/es\/nuestra-experiencia-y-referencias\/ingenieria-electrica\/#primaryimage","url":"https:\/\/elys.eu\/wp-content\/uploads\/2021\/11\/elys_expertise_ingenierie_electrique.jpg","contentUrl":"https:\/\/elys.eu\/wp-content\/uploads\/2021\/11\/elys_expertise_ingenierie_electrique.jpg","width":1920,"height":1280},{"@type":"BreadcrumbList","@id":"https:\/\/elys.eu\/es\/nuestra-experiencia-y-referencias\/ingenieria-electrica\/#breadcrumb","itemListElement":[{"@type":"ListItem","position":1,"name":"Accueil","item":"https:\/\/elys.eu\/es\/"},{"@type":"ListItem","position":2,"name":"Nuestra experiencia y referencias","item":"https:\/\/elys.eu\/es\/nuestra-experiencia-y-referencias\/"},{"@type":"ListItem","position":3,"name":"Ingenier\u00eda el\u00e9ctrica"}]},{"@type":"WebSite","@id":"https:\/\/elys.eu\/#website","url":"https:\/\/elys.eu\/","name":"Elys","description":"Sp\u00e9cialiste des projets d&#039;\u00e9nergies renouvelables","publisher":{"@id":"https:\/\/elys.eu\/#organization"},"potentialAction":[{"@type":"SearchAction","target":{"@type":"EntryPoint","urlTemplate":"https:\/\/elys.eu\/?s={search_term_string}"},"query-input":{"@type":"PropertyValueSpecification","valueRequired":true,"valueName":"search_term_string"}}],"inLanguage":"es"},{"@type":"Organization","@id":"https:\/\/elys.eu\/#organization","name":"Elys","url":"https:\/\/elys.eu\/","logo":{"@type":"ImageObject","inLanguage":"es","@id":"https:\/\/elys.eu\/#\/schema\/logo\/image\/","url":"https:\/\/elys.eu\/wp-content\/uploads\/2021\/11\/Logo-Elys.jpg","contentUrl":"https:\/\/elys.eu\/wp-content\/uploads\/2021\/11\/Logo-Elys.jpg","width":381,"height":270,"caption":"Elys"},"image":{"@id":"https:\/\/elys.eu\/#\/schema\/logo\/image\/"},"sameAs":["https:\/\/www.linkedin.com\/company\/elys\/"]}]}},"_links":{"self":[{"href":"https:\/\/elys.eu\/es\/wp-json\/wp\/v2\/pages\/3943","targetHints":{"allow":["GET"]}}],"collection":[{"href":"https:\/\/elys.eu\/es\/wp-json\/wp\/v2\/pages"}],"about":[{"href":"https:\/\/elys.eu\/es\/wp-json\/wp\/v2\/types\/page"}],"author":[{"embeddable":true,"href":"https:\/\/elys.eu\/es\/wp-json\/wp\/v2\/users\/2"}],"replies":[{"embeddable":true,"href":"https:\/\/elys.eu\/es\/wp-json\/wp\/v2\/comments?post=3943"}],"version-history":[{"count":5,"href":"https:\/\/elys.eu\/es\/wp-json\/wp\/v2\/pages\/3943\/revisions"}],"predecessor-version":[{"id":4387,"href":"https:\/\/elys.eu\/es\/wp-json\/wp\/v2\/pages\/3943\/revisions\/4387"}],"up":[{"embeddable":true,"href":"https:\/\/elys.eu\/es\/wp-json\/wp\/v2\/pages\/3918"}],"wp:featuredmedia":[{"embeddable":true,"href":"https:\/\/elys.eu\/es\/wp-json\/wp\/v2\/media\/1111"}],"wp:attachment":[{"href":"https:\/\/elys.eu\/es\/wp-json\/wp\/v2\/media?parent=3943"}],"curies":[{"name":"wp","href":"https:\/\/api.w.org\/{rel}","templated":true}]}}